{"id":116,"date":"2025-05-14T07:13:37","date_gmt":"2025-05-14T07:13:37","guid":{"rendered":"https:\/\/immostaid.com\/?page_id=116"},"modified":"2026-03-30T08:36:44","modified_gmt":"2026-03-30T08:36:44","slug":"contact","status":"publish","type":"page","link":"https:\/\/immostaid.com\/nl\/contact\/","title":{"rendered":"Contact"},"content":{"rendered":"\t\t<div data-elementor-type=\"wp-page\" data-elementor-id=\"116\" class=\"elementor elementor-116\" data-elementor-post-type=\"page\">\n\t\t\t\t\t\t<section class=\"elementor-section elementor-top-section elementor-element elementor-element-2a5a6ac elementor-section-full_width elementor-hidden-mobile elementor-section-height-default elementor-section-height-default\" data-id=\"2a5a6ac\" data-element_type=\"section\" data-e-type=\"section\">\n\t\t\t\t\t\t<div class=\"elementor-container elementor-column-gap-default\">\n\t\t\t\t\t<div class=\"elementor-column elementor-col-100 elementor-top-column elementor-element elementor-element-80303bb\" data-id=\"80303bb\" data-element_type=\"column\" data-e-type=\"column\">\n\t\t\t<div class=\"elementor-widget-wrap elementor-element-populated\">\n\t\t\t\t\t\t<div class=\"elementor-element elementor-element-ef6aa37 elementor-widget elementor-widget-image\" data-id=\"ef6aa37\" data-element_type=\"widget\" data-e-type=\"widget\" data-widget_type=\"image.default\">\n\t\t\t\t<div class=\"elementor-widget-container\">\n\t\t\t\t\t\t\t\t\t\t\t\t\t\t\t<img fetchpriority=\"high\" decoding=\"async\" width=\"660\" height=\"140\" src=\"https:\/\/immostaid.com\/wp-content\/uploads\/2025\/05\/bandeau_qui_sommes_nous-1024x217.jpg\" class=\"attachment-large size-large wp-image-85\" alt=\"\" srcset=\"https:\/\/immostaid.com\/wp-content\/uploads\/2025\/05\/bandeau_qui_sommes_nous-1024x217.jpg 1024w, https:\/\/immostaid.com\/wp-content\/uploads\/2025\/05\/bandeau_qui_sommes_nous-300x64.jpg 300w, https:\/\/immostaid.com\/wp-content\/uploads\/2025\/05\/bandeau_qui_sommes_nous-768x163.jpg 768w, https:\/\/immostaid.com\/wp-content\/uploads\/2025\/05\/bandeau_qui_sommes_nous-1536x326.jpg 1536w, https:\/\/immostaid.com\/wp-content\/uploads\/2025\/05\/bandeau_qui_sommes_nous-2048x434.jpg 2048w\" sizes=\"(max-width: 660px) 100vw, 660px\" \/>\t\t\t\t\t\t\t\t\t\t\t\t\t\t\t<\/div>\n\t\t\t\t<\/div>\n\t\t\t\t\t<\/div>\n\t\t<\/div>\n\t\t\t\t\t<\/div>\n\t\t<\/section>\n\t\t\t\t<section class=\"elementor-section elementor-top-section elementor-element elementor-element-dd9205d elementor-section-full_width elementor-hidden-desktop elementor-hidden-tablet elementor-section-height-default elementor-section-height-default\" data-id=\"dd9205d\" data-element_type=\"section\" data-e-type=\"section\">\n\t\t\t\t\t\t<div class=\"elementor-container elementor-column-gap-default\">\n\t\t\t\t\t<div class=\"elementor-column elementor-col-100 elementor-top-column elementor-element elementor-element-2f2e569\" data-id=\"2f2e569\" data-element_type=\"column\" data-e-type=\"column\">\n\t\t\t<div class=\"elementor-widget-wrap elementor-element-populated\">\n\t\t\t\t\t\t<div class=\"elementor-element elementor-element-db4becd elementor-widget elementor-widget-image\" data-id=\"db4becd\" data-element_type=\"widget\" data-e-type=\"widget\" data-widget_type=\"image.default\">\n\t\t\t\t<div class=\"elementor-widget-container\">\n\t\t\t\t\t\t\t\t\t\t\t\t\t\t\t<img decoding=\"async\" width=\"2000\" height=\"602\" src=\"https:\/\/immostaid.com\/wp-content\/uploads\/2025\/05\/Immostaid_img_accuil.jpg\" class=\"attachment-full size-full wp-image-15\" alt=\"\" srcset=\"https:\/\/immostaid.com\/wp-content\/uploads\/2025\/05\/Immostaid_img_accuil.jpg 2000w, https:\/\/immostaid.com\/wp-content\/uploads\/2025\/05\/Immostaid_img_accuil-300x90.jpg 300w, https:\/\/immostaid.com\/wp-content\/uploads\/2025\/05\/Immostaid_img_accuil-1024x308.jpg 1024w, https:\/\/immostaid.com\/wp-content\/uploads\/2025\/05\/Immostaid_img_accuil-768x231.jpg 768w, https:\/\/immostaid.com\/wp-content\/uploads\/2025\/05\/Immostaid_img_accuil-1536x462.jpg 1536w\" sizes=\"(max-width: 2000px) 100vw, 2000px\" \/>\t\t\t\t\t\t\t\t\t\t\t\t\t\t\t<\/div>\n\t\t\t\t<\/div>\n\t\t\t\t\t<\/div>\n\t\t<\/div>\n\t\t\t\t\t<\/div>\n\t\t<\/section>\n\t\t\t\t<section class=\"elementor-section elementor-top-section elementor-element elementor-element-54a2127 elementor-section-boxed elementor-section-height-default elementor-section-height-default\" data-id=\"54a2127\" data-element_type=\"section\" data-e-type=\"section\">\n\t\t\t\t\t\t<div class=\"elementor-container elementor-column-gap-default\">\n\t\t\t\t\t<div class=\"elementor-column elementor-col-100 elementor-top-column elementor-element elementor-element-4c0da9e\" data-id=\"4c0da9e\" data-element_type=\"column\" data-e-type=\"column\">\n\t\t\t<div class=\"elementor-widget-wrap elementor-element-populated\">\n\t\t\t\t\t\t<div class=\"elementor-element elementor-element-b6d6ca4 elementor-widget elementor-widget-heading\" data-id=\"b6d6ca4\" data-element_type=\"widget\" data-e-type=\"widget\" data-widget_type=\"heading.default\">\n\t\t\t\t<div class=\"elementor-widget-container\">\n\t\t\t\t\t<h2 class=\"elementor-heading-title elementor-size-default\">Contact<\/h2>\t\t\t\t<\/div>\n\t\t\t\t<\/div>\n\t\t\t\t<div class=\"elementor-element elementor-element-adbf155 elementor-widget-divider--view-line elementor-widget elementor-widget-divider\" data-id=\"adbf155\" data-element_type=\"widget\" data-e-type=\"widget\" data-widget_type=\"divider.default\">\n\t\t\t\t<div class=\"elementor-widget-container\">\n\t\t\t\t\t\t\t<div class=\"elementor-divider\">\n\t\t\t<span class=\"elementor-divider-separator\">\n\t\t\t\t\t\t<\/span>\n\t\t<\/div>\n\t\t\t\t\t\t<\/div>\n\t\t\t\t<\/div>\n\t\t\t\t\t<\/div>\n\t\t<\/div>\n\t\t\t\t\t<\/div>\n\t\t<\/section>\n\t\t\t\t<section class=\"elementor-section elementor-top-section elementor-element elementor-element-31487f6 elementor-section-boxed elementor-section-height-default elementor-section-height-default\" data-id=\"31487f6\" data-element_type=\"section\" data-e-type=\"section\" data-settings=\"{&quot;shape_divider_bottom&quot;:&quot;tilt&quot;}\">\n\t\t\t\t\t<div class=\"elementor-shape elementor-shape-bottom\" aria-hidden=\"true\" data-negative=\"false\">\n\t\t\t<svg xmlns=\"http:\/\/www.w3.org\/2000\/svg\" viewBox=\"0 0 1000 100\" preserveAspectRatio=\"none\">\n\t<path class=\"elementor-shape-fill\" d=\"M0,6V0h1000v100L0,6z\"\/>\n<\/svg>\t\t<\/div>\n\t\t\t\t\t<div class=\"elementor-container elementor-column-gap-default\">\n\t\t\t\t\t<div class=\"elementor-column elementor-col-100 elementor-top-column elementor-element elementor-element-8b94297\" data-id=\"8b94297\" data-element_type=\"column\" data-e-type=\"column\">\n\t\t\t<div class=\"elementor-widget-wrap\">\n\t\t\t\t\t\t\t<\/div>\n\t\t<\/div>\n\t\t\t\t\t<\/div>\n\t\t<\/section>\n\t\t\t\t<section class=\"elementor-section elementor-top-section elementor-element elementor-element-7a1f389 elementor-section-boxed elementor-section-height-default elementor-section-height-default\" data-id=\"7a1f389\" data-element_type=\"section\" data-e-type=\"section\" data-settings=\"{&quot;background_background&quot;:&quot;classic&quot;}\">\n\t\t\t\t\t\t<div class=\"elementor-container elementor-column-gap-default\">\n\t\t\t\t\t<div class=\"elementor-column elementor-col-100 elementor-top-column elementor-element elementor-element-5b272ea\" data-id=\"5b272ea\" data-element_type=\"column\" data-e-type=\"column\">\n\t\t\t<div class=\"elementor-widget-wrap elementor-element-populated\">\n\t\t\t\t\t\t<div class=\"elementor-element elementor-element-f956f40 elementor-widget elementor-widget-menu-anchor\" data-id=\"f956f40\" data-element_type=\"widget\" data-e-type=\"widget\" data-widget_type=\"menu-anchor.default\">\n\t\t\t\t<div class=\"elementor-widget-container\">\n\t\t\t\t\t\t\t<div class=\"elementor-menu-anchor\" id=\"contact_accueil\"><\/div>\n\t\t\t\t\t\t<\/div>\n\t\t\t\t<\/div>\n\t\t\t\t<section class=\"elementor-section elementor-inner-section elementor-element elementor-element-cc53335 elementor-section-boxed elementor-section-height-default elementor-section-height-default\" data-id=\"cc53335\" data-element_type=\"section\" data-e-type=\"section\">\n\t\t\t\t\t\t<div class=\"elementor-container elementor-column-gap-default\">\n\t\t\t\t\t<div class=\"elementor-column elementor-col-50 elementor-inner-column elementor-element elementor-element-9375bc7\" data-id=\"9375bc7\" data-element_type=\"column\" data-e-type=\"column\">\n\t\t\t<div class=\"elementor-widget-wrap elementor-element-populated\">\n\t\t\t\t\t\t<div class=\"elementor-element elementor-element-4a7d323 elementor-widget elementor-widget-image\" data-id=\"4a7d323\" data-element_type=\"widget\" data-e-type=\"widget\" data-widget_type=\"image.default\">\n\t\t\t\t<div class=\"elementor-widget-container\">\n\t\t\t\t\t\t\t\t\t\t\t\t\t\t\t<img decoding=\"async\" width=\"660\" height=\"990\" src=\"https:\/\/immostaid.com\/wp-content\/uploads\/2025\/05\/couple_villa.jpg\" class=\"attachment-large size-large wp-image-131\" alt=\"\" srcset=\"https:\/\/immostaid.com\/wp-content\/uploads\/2025\/05\/couple_villa.jpg 667w, https:\/\/immostaid.com\/wp-content\/uploads\/2025\/05\/couple_villa-200x300.jpg 200w\" sizes=\"(max-width: 660px) 100vw, 660px\" \/>\t\t\t\t\t\t\t\t\t\t\t\t\t\t\t<\/div>\n\t\t\t\t<\/div>\n\t\t\t\t\t<\/div>\n\t\t<\/div>\n\t\t\t\t<div class=\"elementor-column elementor-col-50 elementor-inner-column elementor-element elementor-element-39dbbef\" data-id=\"39dbbef\" data-element_type=\"column\" data-e-type=\"column\">\n\t\t\t<div class=\"elementor-widget-wrap elementor-element-populated\">\n\t\t\t\t\t\t<div class=\"elementor-element elementor-element-bfad041 elementor-widget elementor-widget-heading\" data-id=\"bfad041\" data-element_type=\"widget\" data-e-type=\"widget\" data-widget_type=\"heading.default\">\n\t\t\t\t<div class=\"elementor-widget-container\">\n\t\t\t\t\t<h1 class=\"elementor-heading-title elementor-size-default\">Parlons de votre projet<\/h1>\t\t\t\t<\/div>\n\t\t\t\t<\/div>\n\t\t\t\t<div class=\"elementor-element elementor-element-a0b59df elementor-widget elementor-widget-heading\" data-id=\"a0b59df\" data-element_type=\"widget\" data-e-type=\"widget\" data-widget_type=\"heading.default\">\n\t\t\t\t<div class=\"elementor-widget-container\">\n\t\t\t\t\t<h2 class=\"elementor-heading-title elementor-size-default\">Que vous souhaitiez acheter, vendre ou simplement en savoir plus, nous sommes l\u00e0\npour vous. Gr\u00e2ce \u00e0 notre expertise et notre r\u00e9seau, nous trouvons des solutions\nadapt\u00e9es \u00e0 vos besoins.<br><br>\nNous travaillons dans la province de Murcie et dans la communaut\u00e9 de Valence et\nparlons fran\u00e7ais, anglais, n\u00e9erlandais et espagnol. <br><br>\nNous sommes \u00e9galement ouverts\n\u00e0 collaborer avec d\u2019autres agences immobili\u00e8res et \u00e0 vous recommander des\nprofessionnels locaux pour vos travaux ou am\u00e9nagements.<\/h2>\t\t\t\t<\/div>\n\t\t\t\t<\/div>\n\t\t\t\t<div class=\"elementor-element elementor-element-f9f187d elementor-widget elementor-widget-heading\" data-id=\"f9f187d\" data-element_type=\"widget\" data-e-type=\"widget\" data-widget_type=\"heading.default\">\n\t\t\t\t<div class=\"elementor-widget-container\">\n\t\t\t\t\t<h2 class=\"elementor-heading-title elementor-size-default\">Contactez-nous et laissez-nous vous guider <\/h2>\t\t\t\t<\/div>\n\t\t\t\t<\/div>\n\t\t\t\t<div class=\"elementor-element elementor-element-8679fc3 elementor-widget elementor-widget-menu-anchor\" data-id=\"8679fc3\" data-element_type=\"widget\" data-e-type=\"widget\" data-widget_type=\"menu-anchor.default\">\n\t\t\t\t<div class=\"elementor-widget-container\">\n\t\t\t\t\t\t\t<div class=\"elementor-menu-anchor\" id=\"contact_accueil\"><\/div>\n\t\t\t\t\t\t<\/div>\n\t\t\t\t<\/div>\n\t\t\t\t<div class=\"elementor-element elementor-element-8b9f101 elementor-button-align-center elementor-widget elementor-widget-form\" data-id=\"8b9f101\" data-element_type=\"widget\" data-e-type=\"widget\" data-settings=\"{&quot;step_next_label&quot;:&quot;Next&quot;,&quot;step_previous_label&quot;:&quot;Previous&quot;,&quot;button_width&quot;:&quot;100&quot;,&quot;step_type&quot;:&quot;number_text&quot;,&quot;step_icon_shape&quot;:&quot;circle&quot;}\" data-widget_type=\"form.default\">\n\t\t\t\t<div class=\"elementor-widget-container\">\n\t\t\t\t\t\t\t<form class=\"elementor-form\" method=\"post\" name=\"contact acueil\" aria-label=\"contact acueil\">\n\t\t\t<input type=\"hidden\" name=\"post_id\" value=\"116\"\/>\n\t\t\t<input type=\"hidden\" name=\"form_id\" value=\"8b9f101\"\/>\n\t\t\t<input type=\"hidden\" name=\"referer_title\" value=\"Contactez IMMOSTAID \u2013 agence immobili\u00e8re \u00e0 Murcie\/Alicante\" \/>\n\n\t\t\t\t\t\t\t<input type=\"hidden\" name=\"queried_id\" value=\"116\"\/>\n\t\t\t\n\t\t\t<div class=\"elementor-form-fields-wrapper elementor-labels-above\">\n\t\t\t\t\t\t\t\t<div class=\"elementor-field-type-text elementor-field-group elementor-column elementor-field-group-name elementor-col-50 elementor-field-required\">\n\t\t\t\t\t\t\t\t\t\t\t\t\t<input size=\"1\" type=\"text\" name=\"form_fields[name]\" id=\"form-field-name\" class=\"elementor-field elementor-size-sm  elementor-field-textual\" placeholder=\"Nom\" required=\"required\">\n\t\t\t\t\t\t\t\t\t\t\t<\/div>\n\t\t\t\t\t\t\t\t<div class=\"elementor-field-type-text elementor-field-group elementor-column elementor-field-group-prenom elementor-col-50\">\n\t\t\t\t\t\t\t\t\t\t\t\t\t<input size=\"1\" type=\"text\" name=\"form_fields[prenom]\" id=\"form-field-prenom\" class=\"elementor-field elementor-size-sm  elementor-field-textual\" placeholder=\"Pr\u00e9nom\">\n\t\t\t\t\t\t\t\t\t\t\t<\/div>\n\t\t\t\t\t\t\t\t<div class=\"elementor-field-type-email elementor-field-group elementor-column elementor-field-group-email elementor-col-50 elementor-field-required\">\n\t\t\t\t\t\t\t\t\t\t\t\t\t<input size=\"1\" type=\"email\" name=\"form_fields[email]\" id=\"form-field-email\" class=\"elementor-field elementor-size-sm  elementor-field-textual\" placeholder=\"Email\" required=\"required\">\n\t\t\t\t\t\t\t\t\t\t\t<\/div>\n\t\t\t\t\t\t\t\t<div class=\"elementor-field-type-tel elementor-field-group elementor-column elementor-field-group-tel elementor-col-50\">\n\t\t\t\t\t\t\t<input size=\"1\" type=\"tel\" name=\"form_fields[tel]\" id=\"form-field-tel\" class=\"elementor-field elementor-size-sm  elementor-field-textual\" placeholder=\"T\u00e9l\u00e9phone\" pattern=\"[0-9()#&amp;+*-=.]+\" title=\"Alleen getallen en telefoontekens (#, -, *, enz.) worden geaccepteerd.\">\n\n\t\t\t\t\t\t<\/div>\n\t\t\t\t\t\t\t\t<div class=\"elementor-field-type-textarea elementor-field-group elementor-column elementor-field-group-message elementor-col-100\">\n\t\t\t\t\t<textarea class=\"elementor-field-textual elementor-field  elementor-size-sm\" name=\"form_fields[message]\" id=\"form-field-message\" rows=\"4\" placeholder=\"Votre message\"><\/textarea>\t\t\t\t<\/div>\n\t\t\t\t\t\t\t\t<div class=\"elementor-field-type-recaptcha_v3 elementor-field-group elementor-column elementor-field-group-field_faa46b8 elementor-col-100 recaptcha_v3-bottomright\">\n\t\t\t\t\t<div class=\"elementor-field\" id=\"form-field-field_faa46b8\"><div class=\"elementor-g-recaptcha\" data-sitekey=\"6LdVqFwrAAAAAOh671gzgJkcRvz352QgbSBMd4UF\" data-type=\"v3\" data-action=\"Form\" data-badge=\"bottomright\" data-size=\"invisible\"><\/div><\/div>\t\t\t\t<\/div>\n\t\t\t\t\t\t\t\t<div class=\"elementor-field-group elementor-column elementor-field-type-submit elementor-col-100 e-form__buttons\">\n\t\t\t\t\t<button class=\"elementor-button elementor-size-md\" type=\"submit\">\n\t\t\t\t\t\t<span class=\"elementor-button-content-wrapper\">\n\t\t\t\t\t\t\t\t\t\t\t\t\t\t\t\t\t\t\t\t\t\t<span class=\"elementor-button-text\">envoyer<\/span>\n\t\t\t\t\t\t\t\t\t\t\t\t\t<\/span>\n\t\t\t\t\t<\/button>\n\t\t\t\t<\/div>\n\t\t\t<\/div>\n\t\t<\/form>\n\t\t\t\t\t\t<\/div>\n\t\t\t\t<\/div>\n\t\t\t\t\t<\/div>\n\t\t<\/div>\n\t\t\t\t\t<\/div>\n\t\t<\/section>\n\t\t\t\t\t<\/div>\n\t\t<\/div>\n\t\t\t\t\t<\/div>\n\t\t<\/section>\n\t\t\t\t<\/div>\n\t\t","protected":false},"excerpt":{"rendered":"<p>Contact Parlons de votre projet Que vous souhaitiez acheter, vendre ou simplement en savoir plus, nous sommes l\u00e0 pour vous. Gr\u00e2ce \u00e0 notre expertise et notre r\u00e9seau, nous trouvons des solutions adapt\u00e9es \u00e0 vos besoins. Nous travaillons dans la province de Murcie et dans la communaut\u00e9 de Valence et parlons fran\u00e7ais, anglais, n\u00e9erlandais et espagnol. [&hellip;]<\/p>\n","protected":false},"author":1,"featured_media":0,"parent":0,"menu_order":0,"comment_status":"closed","ping_status":"closed","template":"elementor_header_footer","meta":{"hide_page_title":"","footnotes":""},"class_list":["post-116","page","type-page","status-publish","hentry"],"yoast_head":"<!-- This site is optimized with the Yoast SEO plugin v27.6 - https:\/\/yoast.com\/product\/yoast-seo-wordpress\/ -->\n<title>Contactez IMMOSTAID \u2013 agence immobili\u00e8re \u00e0 Murcie\/Alicante<\/title>\n<meta name=\"description\" content=\"Une question ? Un projet d\u2019achat ou de location ? Contactez IMMOSTAID. Nous sommes \u00e0 votre \u00e9coute pour concr\u00e9tiser votre projet immobilier.\" \/>\n<meta name=\"robots\" content=\"index, follow, max-snippet:-1, max-image-preview:large, max-video-preview:-1\" \/>\n<link rel=\"canonical\" href=\"https:\/\/immostaid.com\/nl\/contact\/\" \/>\n<meta property=\"og:locale\" content=\"nl_NL\" \/>\n<meta property=\"og:type\" content=\"article\" \/>\n<meta property=\"og:title\" content=\"Contactez IMMOSTAID \u2013 agence immobili\u00e8re \u00e0 Murcie\/Alicante\" \/>\n<meta property=\"og:description\" content=\"Une question ? Un projet d\u2019achat ou de location ? Contactez IMMOSTAID. Nous sommes \u00e0 votre \u00e9coute pour concr\u00e9tiser votre projet immobilier.\" \/>\n<meta property=\"og:url\" content=\"https:\/\/immostaid.com\/nl\/contact\/\" \/>\n<meta property=\"og:site_name\" content=\"Immostaid\" \/>\n<meta property=\"article:modified_time\" content=\"2026-03-30T08:36:44+00:00\" \/>\n<meta property=\"og:image\" content=\"https:\/\/immostaid.com\/wp-content\/uploads\/2025\/05\/bandeau_qui_sommes_nous.jpg\" \/>\n\t<meta property=\"og:image:width\" content=\"2490\" \/>\n\t<meta property=\"og:image:height\" content=\"528\" \/>\n\t<meta property=\"og:image:type\" content=\"image\/jpeg\" \/>\n<meta name=\"twitter:card\" content=\"summary_large_image\" \/>\n<meta name=\"twitter:label1\" content=\"Geschatte leestijd\" \/>\n\t<meta name=\"twitter:data1\" content=\"2 minuten\" \/>\n<script type=\"application\/ld+json\" class=\"yoast-schema-graph\">{\"@context\":\"https:\\\/\\\/schema.org\",\"@graph\":[{\"@type\":\"WebPage\",\"@id\":\"https:\\\/\\\/immostaid.com\\\/contact\\\/\",\"url\":\"https:\\\/\\\/immostaid.com\\\/contact\\\/\",\"name\":\"Contactez IMMOSTAID \u2013 agence immobili\u00e8re \u00e0 Murcie\\\/Alicante\",\"isPartOf\":{\"@id\":\"https:\\\/\\\/immostaid.com\\\/#website\"},\"primaryImageOfPage\":{\"@id\":\"https:\\\/\\\/immostaid.com\\\/contact\\\/#primaryimage\"},\"image\":{\"@id\":\"https:\\\/\\\/immostaid.com\\\/contact\\\/#primaryimage\"},\"thumbnailUrl\":\"https:\\\/\\\/immostaid.com\\\/wp-content\\\/uploads\\\/2025\\\/05\\\/bandeau_qui_sommes_nous-1024x217.jpg\",\"datePublished\":\"2025-05-14T07:13:37+00:00\",\"dateModified\":\"2026-03-30T08:36:44+00:00\",\"description\":\"Une question ? Un projet d\u2019achat ou de location ? Contactez IMMOSTAID. Nous sommes \u00e0 votre \u00e9coute pour concr\u00e9tiser votre projet immobilier.\",\"breadcrumb\":{\"@id\":\"https:\\\/\\\/immostaid.com\\\/contact\\\/#breadcrumb\"},\"inLanguage\":\"nl-NL\",\"potentialAction\":[{\"@type\":\"ReadAction\",\"target\":[\"https:\\\/\\\/immostaid.com\\\/contact\\\/\"]}]},{\"@type\":\"ImageObject\",\"inLanguage\":\"nl-NL\",\"@id\":\"https:\\\/\\\/immostaid.com\\\/contact\\\/#primaryimage\",\"url\":\"https:\\\/\\\/immostaid.com\\\/wp-content\\\/uploads\\\/2025\\\/05\\\/bandeau_qui_sommes_nous-1024x217.jpg\",\"contentUrl\":\"https:\\\/\\\/immostaid.com\\\/wp-content\\\/uploads\\\/2025\\\/05\\\/bandeau_qui_sommes_nous-1024x217.jpg\"},{\"@type\":\"BreadcrumbList\",\"@id\":\"https:\\\/\\\/immostaid.com\\\/contact\\\/#breadcrumb\",\"itemListElement\":[{\"@type\":\"ListItem\",\"position\":1,\"name\":\"Home\",\"item\":\"https:\\\/\\\/immostaid.com\\\/en\\\/\"},{\"@type\":\"ListItem\",\"position\":2,\"name\":\"Contact\"}]},{\"@type\":\"WebSite\",\"@id\":\"https:\\\/\\\/immostaid.com\\\/#website\",\"url\":\"https:\\\/\\\/immostaid.com\\\/\",\"name\":\"Immostaid\",\"description\":\"\",\"potentialAction\":[{\"@type\":\"SearchAction\",\"target\":{\"@type\":\"EntryPoint\",\"urlTemplate\":\"https:\\\/\\\/immostaid.com\\\/?s={search_term_string}\"},\"query-input\":{\"@type\":\"PropertyValueSpecification\",\"valueRequired\":true,\"valueName\":\"search_term_string\"}}],\"inLanguage\":\"nl-NL\"}]}<\/script>\n<!-- \/ Yoast SEO plugin. -->","yoast_head_json":{"title":"Contactez IMMOSTAID \u2013 agence immobili\u00e8re \u00e0 Murcie\/Alicante","description":"Une question ? Un projet d\u2019achat ou de location ? Contactez IMMOSTAID. Nous sommes \u00e0 votre \u00e9coute pour concr\u00e9tiser votre projet immobilier.","robots":{"index":"index","follow":"follow","max-snippet":"max-snippet:-1","max-image-preview":"max-image-preview:large","max-video-preview":"max-video-preview:-1"},"canonical":"https:\/\/immostaid.com\/nl\/contact\/","og_locale":"nl_NL","og_type":"article","og_title":"Contactez IMMOSTAID \u2013 agence immobili\u00e8re \u00e0 Murcie\/Alicante","og_description":"Une question ? Un projet d\u2019achat ou de location ? Contactez IMMOSTAID. Nous sommes \u00e0 votre \u00e9coute pour concr\u00e9tiser votre projet immobilier.","og_url":"https:\/\/immostaid.com\/nl\/contact\/","og_site_name":"Immostaid","article_modified_time":"2026-03-30T08:36:44+00:00","og_image":[{"width":2490,"height":528,"url":"https:\/\/immostaid.com\/wp-content\/uploads\/2025\/05\/bandeau_qui_sommes_nous.jpg","type":"image\/jpeg"}],"twitter_card":"summary_large_image","twitter_misc":{"Geschatte leestijd":"2 minuten"},"schema":{"@context":"https:\/\/schema.org","@graph":[{"@type":"WebPage","@id":"https:\/\/immostaid.com\/contact\/","url":"https:\/\/immostaid.com\/contact\/","name":"Contactez IMMOSTAID \u2013 agence immobili\u00e8re \u00e0 Murcie\/Alicante","isPartOf":{"@id":"https:\/\/immostaid.com\/#website"},"primaryImageOfPage":{"@id":"https:\/\/immostaid.com\/contact\/#primaryimage"},"image":{"@id":"https:\/\/immostaid.com\/contact\/#primaryimage"},"thumbnailUrl":"https:\/\/immostaid.com\/wp-content\/uploads\/2025\/05\/bandeau_qui_sommes_nous-1024x217.jpg","datePublished":"2025-05-14T07:13:37+00:00","dateModified":"2026-03-30T08:36:44+00:00","description":"Une question ? Un projet d\u2019achat ou de location ? Contactez IMMOSTAID. Nous sommes \u00e0 votre \u00e9coute pour concr\u00e9tiser votre projet immobilier.","breadcrumb":{"@id":"https:\/\/immostaid.com\/contact\/#breadcrumb"},"inLanguage":"nl-NL","potentialAction":[{"@type":"ReadAction","target":["https:\/\/immostaid.com\/contact\/"]}]},{"@type":"ImageObject","inLanguage":"nl-NL","@id":"https:\/\/immostaid.com\/contact\/#primaryimage","url":"https:\/\/immostaid.com\/wp-content\/uploads\/2025\/05\/bandeau_qui_sommes_nous-1024x217.jpg","contentUrl":"https:\/\/immostaid.com\/wp-content\/uploads\/2025\/05\/bandeau_qui_sommes_nous-1024x217.jpg"},{"@type":"BreadcrumbList","@id":"https:\/\/immostaid.com\/contact\/#breadcrumb","itemListElement":[{"@type":"ListItem","position":1,"name":"Home","item":"https:\/\/immostaid.com\/en\/"},{"@type":"ListItem","position":2,"name":"Contact"}]},{"@type":"WebSite","@id":"https:\/\/immostaid.com\/#website","url":"https:\/\/immostaid.com\/","name":"Immostaid","description":"","potentialAction":[{"@type":"SearchAction","target":{"@type":"EntryPoint","urlTemplate":"https:\/\/immostaid.com\/?s={search_term_string}"},"query-input":{"@type":"PropertyValueSpecification","valueRequired":true,"valueName":"search_term_string"}}],"inLanguage":"nl-NL"}]}},"_links":{"self":[{"href":"https:\/\/immostaid.com\/nl\/wp-json\/wp\/v2\/pages\/116","targetHints":{"allow":["GET"]}}],"collection":[{"href":"https:\/\/immostaid.com\/nl\/wp-json\/wp\/v2\/pages"}],"about":[{"href":"https:\/\/immostaid.com\/nl\/wp-json\/wp\/v2\/types\/page"}],"author":[{"embeddable":true,"href":"https:\/\/immostaid.com\/nl\/wp-json\/wp\/v2\/users\/1"}],"replies":[{"embeddable":true,"href":"https:\/\/immostaid.com\/nl\/wp-json\/wp\/v2\/comments?post=116"}],"version-history":[{"count":31,"href":"https:\/\/immostaid.com\/nl\/wp-json\/wp\/v2\/pages\/116\/revisions"}],"predecessor-version":[{"id":2574,"href":"https:\/\/immostaid.com\/nl\/wp-json\/wp\/v2\/pages\/116\/revisions\/2574"}],"wp:attachment":[{"href":"https:\/\/immostaid.com\/nl\/wp-json\/wp\/v2\/media?parent=116"}],"curies":[{"name":"wp","href":"https:\/\/api.w.org\/{rel}","templated":true}]}}